{"id":372,"date":"2025-02-08T15:29:26","date_gmt":"2025-02-08T14:29:26","guid":{"rendered":"https:\/\/nj-renovation91.fr\/?page_id=372"},"modified":"2025-12-12T09:56:16","modified_gmt":"2025-12-12T08:56:16","slug":"mentions-legales","status":"publish","type":"page","link":"https:\/\/nj-renovation91.fr\/index.php\/mentions-legales\/","title":{"rendered":"Mentions l\u00e9gales"},"content":{"rendered":"\n<p class=\"has-text-align-center has-large-font-size\"><strong>Mentions L\u00e9gales<\/strong><\/p>\n\n\n\n<p><strong>1. Informations g\u00e9n\u00e9rales<\/strong><br>Raison sociale : <strong>NJ R\u00e9novation 91<\/strong><br>Forme juridique : Entreprise individuelle<br>Nom du g\u00e9rant : <strong>BAUD NOE<\/strong><br>Si\u00e8ge social : <strong>24 Rue Saint Fiacre, 91580 Auvers Saint Georges<\/strong><br>Num\u00e9ro de SIRET : <strong>94265053200016<\/strong><br>Num\u00e9ro de TVA intracommunautaire : <strong>FR28942650532<\/strong><\/p>\n\n\n\n<p><strong>2. Directeur de publication et responsable du site<\/strong><br>Nom : <strong>No\u00e9 BAUD<\/strong><br>Propri\u00e9taire du site : <strong>No\u00e9 BAUD<\/strong><br>Adresse e-mail : <strong><a href=\"mailto:nj.renovation91@gmail.com\">nj.renovation91@gmail.com<\/a><\/strong><br>Num\u00e9ro de t\u00e9l\u00e9phone : <strong>06 75 01 02 81<\/strong><\/p>\n\n\n\n<p><strong>3. H\u00e9bergement du site<\/strong><br>Le site <strong><a href=\"http:\/\/www.nj-renovation91.fr\/\">www.nj-renovation91.fr<\/a><\/strong> est h\u00e9berg\u00e9 par :<br><strong>OVH<\/strong><br>Si\u00e8ge social : 2 Rue Kellermann, 59100 Roubaix, France<br>Site internet : <a href=\"https:\/\/www.ovh.com\/\">www.ovh.com<\/a><\/p>\n\n\n\n<p><strong>4. Propri\u00e9t\u00e9 intellectuelle<\/strong><br>Le contenu du site <strong><a href=\"http:\/\/www.nj-renovation91.fr\/\">www.nj-renovation91.fr<\/a><\/strong>, incluant de mani\u00e8re non exhaustive les textes, images, graphismes, logos et ic\u00f4nes, est la propri\u00e9t\u00e9 exclusive de <strong>No\u00e9 BAUD<\/strong>, sauf mentions contraires. Toute reproduction, distribution, modification, adaptation, retransmission ou publication, m\u00eame partielle, de ces diff\u00e9rents \u00e9l\u00e9ments est strictement interdite sans l&rsquo;accord \u00e9crit de <strong>No\u00e9 BAUD<\/strong>.<\/p>\n\n\n\n<p><strong>5. Protection des donn\u00e9es personnelles<\/strong><br>Les informations recueillies via le site <strong><a href=\"http:\/\/www.nj-renovation91.fr\/\">www.nj-renovation91.fr<\/a><\/strong> font l\u2019objet d\u2019un traitement destin\u00e9 \u00e0 la gestion des relations clients. Conform\u00e9ment \u00e0 la loi Informatique et Libert\u00e9s et au R\u00e8glement G\u00e9n\u00e9ral sur la Protection des Donn\u00e9es (RGPD), vous disposez d\u2019un droit d\u2019acc\u00e8s, de rectification, d\u2019opposition et de suppression de vos donn\u00e9es personnelles. Pour exercer ces droits, vous pouvez nous contacter \u00e0 l\u2019adresse suivante : <strong><a href=\"mailto:nj.renovation91@gmail.com\">nj.renovation91@gmail.com<\/a><\/strong>.<\/p>\n\n\n\n<p><strong>6. Responsabilit\u00e9s<\/strong><br>Le site <strong><a href=\"http:\/\/www.nj-renovation91.fr\/\">www.nj-renovation91.fr<\/a><\/strong> met en \u0153uvre tous les moyens n\u00e9cessaires pour assurer l\u2019exactitude des informations diffus\u00e9es sur son site. Toutefois, <strong>NJ R\u00e9novation 91<\/strong> ne saurait \u00eatre tenu responsable des omissions, inexactitudes ou carences dans la mise \u00e0 jour des informations, qu\u2019elles soient de son fait ou du fait des tiers partenaires qui lui fournissent ces informations.<\/p>\n\n\n\n<p><strong>7. Liens hypertextes<\/strong><br>Le site <strong><a href=\"http:\/\/www.nj-renovation91.fr\/\">www.nj-renovation91.fr<\/a><\/strong> peut contenir des liens hypertextes vers d\u2019autres sites internet. NJ R\u00e9novation 91 n\u2019exerce aucun contr\u00f4le sur ces sites et d\u00e9cline toute responsabilit\u00e9 quant \u00e0 leur contenu.<\/p>\n\n\n\n<p><strong>8. Droit applicable et juridiction comp\u00e9tente<\/strong><br>Tout litige en relation avec l\u2019utilisation du site <strong><a href=\"http:\/\/www.nj-renovation91.fr\/\">www.nj-renovation91.fr<\/a><\/strong> est soumis au droit fran\u00e7ais. En cas de litige, les tribunaux comp\u00e9tents seront ceux du ressort du si\u00e8ge social de NJ R\u00e9novation 91.<\/p>\n","protected":false},"excerpt":{"rendered":"<p>Mentions L\u00e9gales 1. Informations g\u00e9n\u00e9ralesRaison sociale : NJ R\u00e9novation 91Forme juridique : Entreprise individuelleNom du g\u00e9rant : BAUD NOESi\u00e8ge social : 24 Rue Saint Fiacre, 91580 Auvers Saint GeorgesNum\u00e9ro de SIRET : 94265053200016Num\u00e9ro de TVA intracommunautaire : FR28942650532 2. Directeur de publication et responsable du siteNom : No\u00e9 BAUDPropri\u00e9taire du site : No\u00e9 BAUDAdresse e-mail [&hellip;]<\/p>\n","protected":false},"author":1,"featured_media":0,"parent":0,"menu_order":0,"comment_status":"closed","ping_status":"closed","template":"","meta":{"footnotes":""},"class_list":["post-372","page","type-page","status-publish","hentry"],"yoast_head":"<!-- This site is optimized with the Yoast SEO plugin v26.9 - https:\/\/yoast.com\/product\/yoast-seo-wordpress\/ -->\n<title>Mentions l\u00e9gales - R\u00e9novation de toiture - Ravalement de fa\u00e7ade - Peinture<\/title>\n<meta name=\"robots\" content=\"index, follow, max-snippet:-1, max-image-preview:large, max-video-preview:-1\" \/>\n<link rel=\"canonical\" href=\"https:\/\/nj-renovation91.fr\/index.php\/mentions-legales\/\" \/>\n<meta property=\"og:locale\" content=\"fr_FR\" \/>\n<meta property=\"og:type\" content=\"article\" \/>\n<meta property=\"og:title\" content=\"Mentions l\u00e9gales - R\u00e9novation de toiture - Ravalement de fa\u00e7ade - Peinture\" \/>\n<meta property=\"og:description\" content=\"Mentions L\u00e9gales 1. Informations g\u00e9n\u00e9ralesRaison sociale : NJ R\u00e9novation 91Forme juridique : Entreprise individuelleNom du g\u00e9rant : BAUD NOESi\u00e8ge social : 24 Rue Saint Fiacre, 91580 Auvers Saint GeorgesNum\u00e9ro de SIRET : 94265053200016Num\u00e9ro de TVA intracommunautaire : FR28942650532 2. Directeur de publication et responsable du siteNom : No\u00e9 BAUDPropri\u00e9taire du site : No\u00e9 BAUDAdresse e-mail [&hellip;]\" \/>\n<meta property=\"og:url\" content=\"https:\/\/nj-renovation91.fr\/index.php\/mentions-legales\/\" \/>\n<meta property=\"og:site_name\" content=\"R\u00e9novation de toiture - Ravalement de fa\u00e7ade - Peinture\" \/>\n<meta property=\"article:modified_time\" content=\"2025-12-12T08:56:16+00:00\" \/>\n<meta name=\"twitter:card\" content=\"summary_large_image\" \/>\n<meta name=\"twitter:label1\" content=\"Dur\u00e9e de lecture estim\u00e9e\" \/>\n\t<meta name=\"twitter:data1\" content=\"2 minutes\" \/>\n<script type=\"application\/ld+json\" class=\"yoast-schema-graph\">{\"@context\":\"https:\/\/schema.org\",\"@graph\":[{\"@type\":\"WebPage\",\"@id\":\"https:\/\/nj-renovation91.fr\/index.php\/mentions-legales\/\",\"url\":\"https:\/\/nj-renovation91.fr\/index.php\/mentions-legales\/\",\"name\":\"Mentions l\u00e9gales - R\u00e9novation de toiture - Ravalement de fa\u00e7ade - Peinture\",\"isPartOf\":{\"@id\":\"https:\/\/nj-renovation91.fr\/#website\"},\"datePublished\":\"2025-02-08T14:29:26+00:00\",\"dateModified\":\"2025-12-12T08:56:16+00:00\",\"breadcrumb\":{\"@id\":\"https:\/\/nj-renovation91.fr\/index.php\/mentions-legales\/#breadcrumb\"},\"inLanguage\":\"fr-FR\",\"potentialAction\":[{\"@type\":\"ReadAction\",\"target\":[\"https:\/\/nj-renovation91.fr\/index.php\/mentions-legales\/\"]}]},{\"@type\":\"BreadcrumbList\",\"@id\":\"https:\/\/nj-renovation91.fr\/index.php\/mentions-legales\/#breadcrumb\",\"itemListElement\":[{\"@type\":\"ListItem\",\"position\":1,\"name\":\"Accueil\",\"item\":\"https:\/\/nj-renovation91.fr\/\"},{\"@type\":\"ListItem\",\"position\":2,\"name\":\"Mentions l\u00e9gales\"}]},{\"@type\":\"WebSite\",\"@id\":\"https:\/\/nj-renovation91.fr\/#website\",\"url\":\"https:\/\/nj-renovation91.fr\/\",\"name\":\"NJ R\u00e9novation 91\",\"description\":\"Expert en travaux de r\u00e9novation\",\"publisher\":{\"@id\":\"https:\/\/nj-renovation91.fr\/#organization\"},\"potentialAction\":[{\"@type\":\"SearchAction\",\"target\":{\"@type\":\"EntryPoint\",\"urlTemplate\":\"https:\/\/nj-renovation91.fr\/?s={search_term_string}\"},\"query-input\":{\"@type\":\"PropertyValueSpecification\",\"valueRequired\":true,\"valueName\":\"search_term_string\"}}],\"inLanguage\":\"fr-FR\"},{\"@type\":\"Organization\",\"@id\":\"https:\/\/nj-renovation91.fr\/#organization\",\"name\":\"NJ R\u00e9novation 91\",\"url\":\"https:\/\/nj-renovation91.fr\/\",\"logo\":{\"@type\":\"ImageObject\",\"inLanguage\":\"fr-FR\",\"@id\":\"https:\/\/nj-renovation91.fr\/#\/schema\/logo\/image\/\",\"url\":\"https:\/\/nj-renovation91.fr\/wp-content\/uploads\/2026\/02\/Logo-NJ-Renovation91-vf.png\",\"contentUrl\":\"https:\/\/nj-renovation91.fr\/wp-content\/uploads\/2026\/02\/Logo-NJ-Renovation91-vf.png\",\"width\":1024,\"height\":1024,\"caption\":\"NJ R\u00e9novation 91\"},\"image\":{\"@id\":\"https:\/\/nj-renovation91.fr\/#\/schema\/logo\/image\/\"}}]}<\/script>\n<!-- \/ Yoast SEO plugin. -->","yoast_head_json":{"title":"Mentions l\u00e9gales - R\u00e9novation de toiture - Ravalement de fa\u00e7ade - Peinture","robots":{"index":"index","follow":"follow","max-snippet":"max-snippet:-1","max-image-preview":"max-image-preview:large","max-video-preview":"max-video-preview:-1"},"canonical":"https:\/\/nj-renovation91.fr\/index.php\/mentions-legales\/","og_locale":"fr_FR","og_type":"article","og_title":"Mentions l\u00e9gales - R\u00e9novation de toiture - Ravalement de fa\u00e7ade - Peinture","og_description":"Mentions L\u00e9gales 1. Informations g\u00e9n\u00e9ralesRaison sociale : NJ R\u00e9novation 91Forme juridique : Entreprise individuelleNom du g\u00e9rant : BAUD NOESi\u00e8ge social : 24 Rue Saint Fiacre, 91580 Auvers Saint GeorgesNum\u00e9ro de SIRET : 94265053200016Num\u00e9ro de TVA intracommunautaire : FR28942650532 2. Directeur de publication et responsable du siteNom : No\u00e9 BAUDPropri\u00e9taire du site : No\u00e9 BAUDAdresse e-mail [&hellip;]","og_url":"https:\/\/nj-renovation91.fr\/index.php\/mentions-legales\/","og_site_name":"R\u00e9novation de toiture - Ravalement de fa\u00e7ade - Peinture","article_modified_time":"2025-12-12T08:56:16+00:00","twitter_card":"summary_large_image","twitter_misc":{"Dur\u00e9e de lecture estim\u00e9e":"2 minutes"},"schema":{"@context":"https:\/\/schema.org","@graph":[{"@type":"WebPage","@id":"https:\/\/nj-renovation91.fr\/index.php\/mentions-legales\/","url":"https:\/\/nj-renovation91.fr\/index.php\/mentions-legales\/","name":"Mentions l\u00e9gales - R\u00e9novation de toiture - Ravalement de fa\u00e7ade - Peinture","isPartOf":{"@id":"https:\/\/nj-renovation91.fr\/#website"},"datePublished":"2025-02-08T14:29:26+00:00","dateModified":"2025-12-12T08:56:16+00:00","breadcrumb":{"@id":"https:\/\/nj-renovation91.fr\/index.php\/mentions-legales\/#breadcrumb"},"inLanguage":"fr-FR","potentialAction":[{"@type":"ReadAction","target":["https:\/\/nj-renovation91.fr\/index.php\/mentions-legales\/"]}]},{"@type":"BreadcrumbList","@id":"https:\/\/nj-renovation91.fr\/index.php\/mentions-legales\/#breadcrumb","itemListElement":[{"@type":"ListItem","position":1,"name":"Accueil","item":"https:\/\/nj-renovation91.fr\/"},{"@type":"ListItem","position":2,"name":"Mentions l\u00e9gales"}]},{"@type":"WebSite","@id":"https:\/\/nj-renovation91.fr\/#website","url":"https:\/\/nj-renovation91.fr\/","name":"NJ R\u00e9novation 91","description":"Expert en travaux de r\u00e9novation","publisher":{"@id":"https:\/\/nj-renovation91.fr\/#organization"},"potentialAction":[{"@type":"SearchAction","target":{"@type":"EntryPoint","urlTemplate":"https:\/\/nj-renovation91.fr\/?s={search_term_string}"},"query-input":{"@type":"PropertyValueSpecification","valueRequired":true,"valueName":"search_term_string"}}],"inLanguage":"fr-FR"},{"@type":"Organization","@id":"https:\/\/nj-renovation91.fr\/#organization","name":"NJ R\u00e9novation 91","url":"https:\/\/nj-renovation91.fr\/","logo":{"@type":"ImageObject","inLanguage":"fr-FR","@id":"https:\/\/nj-renovation91.fr\/#\/schema\/logo\/image\/","url":"https:\/\/nj-renovation91.fr\/wp-content\/uploads\/2026\/02\/Logo-NJ-Renovation91-vf.png","contentUrl":"https:\/\/nj-renovation91.fr\/wp-content\/uploads\/2026\/02\/Logo-NJ-Renovation91-vf.png","width":1024,"height":1024,"caption":"NJ R\u00e9novation 91"},"image":{"@id":"https:\/\/nj-renovation91.fr\/#\/schema\/logo\/image\/"}}]}},"_links":{"self":[{"href":"https:\/\/nj-renovation91.fr\/index.php\/wp-json\/wp\/v2\/pages\/372","targetHints":{"allow":["GET"]}}],"collection":[{"href":"https:\/\/nj-renovation91.fr\/index.php\/wp-json\/wp\/v2\/pages"}],"about":[{"href":"https:\/\/nj-renovation91.fr\/index.php\/wp-json\/wp\/v2\/types\/page"}],"author":[{"embeddable":true,"href":"https:\/\/nj-renovation91.fr\/index.php\/wp-json\/wp\/v2\/users\/1"}],"replies":[{"embeddable":true,"href":"https:\/\/nj-renovation91.fr\/index.php\/wp-json\/wp\/v2\/comments?post=372"}],"version-history":[{"count":3,"href":"https:\/\/nj-renovation91.fr\/index.php\/wp-json\/wp\/v2\/pages\/372\/revisions"}],"predecessor-version":[{"id":500,"href":"https:\/\/nj-renovation91.fr\/index.php\/wp-json\/wp\/v2\/pages\/372\/revisions\/500"}],"wp:attachment":[{"href":"https:\/\/nj-renovation91.fr\/index.php\/wp-json\/wp\/v2\/media?parent=372"}],"curies":[{"name":"wp","href":"https:\/\/api.w.org\/{rel}","templated":true}]}}